{"id":8383,"date":"2023-03-01T11:51:20","date_gmt":"2023-03-01T11:51:20","guid":{"rendered":"https:\/\/pawzler.com\/?post_type=product&#038;p=8383"},"modified":"2024-09-03T06:13:34","modified_gmt":"2024-09-03T06:13:34","slug":"kaya-pawzle","status":"publish","type":"product","link":"https:\/\/pawzler.com\/de\/produkt\/kaya-pawzle\/","title":{"rendered":"Kaya Pawzle"},"content":{"rendered":"<p>Dieses Set besteht nur aus Kaya Pawzles und ist eine gro\u00dfartige Erg\u00e4nzung, um deine Basis zu erweitern. Kaya ist ein Pawzle, das 4 Pl\u00e4tze auf der<br \/>\nBasis einnimmt. Es m\u00fcssen Schieber bet\u00e4tigt werden, um darunter versteckte Leckerlis<br \/>\nfreizulegen.<\/p>\n<p><strong>Tipp:<\/strong> Lege die ersten beiden Leckerlis in die Verstecke, die dann mit dem flachen Teil des blauen<br \/>\nSchiebers abgedeckt werden. Wirf die n\u00e4chsten beiden Leckerlis in das Loch \u00fcber dem blauen<br \/>\nSchieber. Nun muss der Hund den Schieber ganz auf die andere Seite bewegen, um die erste Reihe<br \/>\nder Leckerlis freizulegen und die Leckerlis im Deckel in das Versteck auf der anderen Seite des<br \/>\nPawzles fallen zu lassen. Die Schieber k\u00f6nnen mit Nase, Zunge oder Pfote des Hundes<br \/>\nbet\u00e4tigt werden.<\/p>\n<p>Dieses Set enth\u00e4lt KEINE Basis.<\/p>\n","protected":false},"excerpt":{"rendered":"<p>F\u00fcge deiner Sammlung einzelne Pawzles hinzu, um die Kombinationsm\u00f6glichkeiten zu erweitern, die Spielzeit zu verl\u00e4ngern oder vorhandene Pawzles zu ersetzen.<\/p>\n","protected":false},"featured_media":8405,"comment_status":"open","ping_status":"closed","template":"","meta":{"_acf_changed":false},"product_brand":[],"product_cat":[51],"product_tag":[],"class_list":{"0":"post-8383","1":"product","2":"type-product","3":"status-publish","4":"has-post-thumbnail","6":"product_cat-einzelne-pawzles","7":"pa_level-2-de","8":"pa_spot-4-de","10":"first","11":"instock","12":"sale","13":"shipping-taxable","14":"purchasable","15":"product-type-variable"},"acf":[],"_links":{"self":[{"href":"https:\/\/pawzler.com\/de\/wp-json\/wp\/v2\/product\/8383","targetHints":{"allow":["GET"]}}],"collection":[{"href":"https:\/\/pawzler.com\/de\/wp-json\/wp\/v2\/product"}],"about":[{"href":"https:\/\/pawzler.com\/de\/wp-json\/wp\/v2\/types\/product"}],"replies":[{"embeddable":true,"href":"https:\/\/pawzler.com\/de\/wp-json\/wp\/v2\/comments?post=8383"}],"wp:featuredmedia":[{"embeddable":true,"href":"https:\/\/pawzler.com\/de\/wp-json\/wp\/v2\/media\/8405"}],"wp:attachment":[{"href":"https:\/\/pawzler.com\/de\/wp-json\/wp\/v2\/media?parent=8383"}],"wp:term":[{"taxonomy":"product_brand","embeddable":true,"href":"https:\/\/pawzler.com\/de\/wp-json\/wp\/v2\/product_brand?post=8383"},{"taxonomy":"product_cat","embeddable":true,"href":"https:\/\/pawzler.com\/de\/wp-json\/wp\/v2\/product_cat?post=8383"},{"taxonomy":"product_tag","embeddable":true,"href":"https:\/\/pawzler.com\/de\/wp-json\/wp\/v2\/product_tag?post=8383"}],"curies":[{"name":"wp","href":"https:\/\/api.w.org\/{rel}","templated":true}]}}