{"id":7991,"date":"2022-04-18T10:09:32","date_gmt":"2022-04-18T10:09:32","guid":{"rendered":"https:\/\/pawzler.com\/product\/base\/"},"modified":"2025-04-22T07:52:06","modified_gmt":"2025-04-22T07:52:06","slug":"basis","status":"publish","type":"product","link":"https:\/\/pawzler.com\/de\/produkt\/basis\/","title":{"rendered":"Basis"},"content":{"rendered":"<p>Dieses Set besteht nur aus Basen. Auf jeder Basis gibt es 12 Verankerungspunkte f\u00fcr deine Pawzles.<\/p>\n","protected":false},"excerpt":{"rendered":"<p>Das Hinzuf\u00fcgen zus\u00e4tzlicher Basen zu deiner Sammlung ist eine gro\u00dfartige M\u00f6glichkeit, die Kombinationen zu diversifizieren und die Spielzeit zu verl\u00e4ngern.<\/p>\n","protected":false},"featured_media":7792,"comment_status":"open","ping_status":"closed","template":"","meta":{"_acf_changed":false},"product_brand":[],"product_cat":[49],"product_tag":[],"class_list":{"0":"post-7991","1":"product","2":"type-product","3":"status-publish","4":"has-post-thumbnail","6":"product_cat-base-de","8":"first","9":"instock","10":"sale","11":"shipping-taxable","12":"purchasable","13":"product-type-variable"},"acf":[],"_links":{"self":[{"href":"https:\/\/pawzler.com\/de\/wp-json\/wp\/v2\/product\/7991","targetHints":{"allow":["GET"]}}],"collection":[{"href":"https:\/\/pawzler.com\/de\/wp-json\/wp\/v2\/product"}],"about":[{"href":"https:\/\/pawzler.com\/de\/wp-json\/wp\/v2\/types\/product"}],"replies":[{"embeddable":true,"href":"https:\/\/pawzler.com\/de\/wp-json\/wp\/v2\/comments?post=7991"}],"wp:featuredmedia":[{"embeddable":true,"href":"https:\/\/pawzler.com\/de\/wp-json\/wp\/v2\/media\/7792"}],"wp:attachment":[{"href":"https:\/\/pawzler.com\/de\/wp-json\/wp\/v2\/media?parent=7991"}],"wp:term":[{"taxonomy":"product_brand","embeddable":true,"href":"https:\/\/pawzler.com\/de\/wp-json\/wp\/v2\/product_brand?post=7991"},{"taxonomy":"product_cat","embeddable":true,"href":"https:\/\/pawzler.com\/de\/wp-json\/wp\/v2\/product_cat?post=7991"},{"taxonomy":"product_tag","embeddable":true,"href":"https:\/\/pawzler.com\/de\/wp-json\/wp\/v2\/product_tag?post=7991"}],"curies":[{"name":"wp","href":"https:\/\/api.w.org\/{rel}","templated":true}]}}