{"id":7983,"date":"2022-04-18T11:43:25","date_gmt":"2022-04-18T11:43:25","guid":{"rendered":"https:\/\/pawzler.com\/product\/maya-pawzle\/"},"modified":"2023-11-13T09:08:06","modified_gmt":"2023-11-13T09:08:06","slug":"maya-pawzle","status":"publish","type":"product","link":"https:\/\/pawzler.com\/de\/produkt\/maya-pawzle\/","title":{"rendered":"Maya Pawzle"},"content":{"rendered":"<p>Dieses Set besteht nur aus Maya-Pawzles und ist eine gro\u00dfartige Erg\u00e4nzung, um deine Basis zu erweitern. Maya ist eine Pawzle mit 2 \u00d6ffnungsmechanismen, das 2 Pl\u00e4tze auf der Basis einnimmt. Der erste Mechanismus ist das Anheben des Deckels, der zweite das \u00d6ffnen der Schublade. Beides kann mit Nase, Zunge oder Pfote des Hundes ge\u00f6ffnet werden. <\/p>\n<p>Du kannst die F\u00e4cher mit Leckerlis, normalem Hundefutter oder auch Erdnussbutter bef\u00fcllen, die dein Hund dann finden soll.<\/p>\n<p><strong>Tipp:<\/strong> Durch das Drehen des Pawzles kann der Schwierigkeitsgrad ver\u00e4ndert werden. <\/p>\n<p>Dieses Set enth\u00e4lt KEINE Basis.<\/p>\n","protected":false},"excerpt":{"rendered":"<p>F\u00fcge deiner Sammlung einzelne Pawzles hinzu, um die Kombinationsm\u00f6glichkeiten zu erweitern, die Spielzeit zu verl\u00e4ngern oder vorhandene Pawzles zu ersetzen.<\/p>\n","protected":false},"featured_media":7789,"comment_status":"open","ping_status":"closed","template":"","meta":{"_acf_changed":false},"product_brand":[],"product_cat":[51],"product_tag":[],"class_list":{"0":"post-7983","1":"product","2":"type-product","3":"status-publish","4":"has-post-thumbnail","6":"product_cat-einzelne-pawzles","7":"pa_level-3-de","8":"pa_spot-2-de","10":"first","11":"instock","12":"sale","13":"shipping-taxable","14":"purchasable","15":"product-type-variable"},"acf":[],"_links":{"self":[{"href":"https:\/\/pawzler.com\/de\/wp-json\/wp\/v2\/product\/7983","targetHints":{"allow":["GET"]}}],"collection":[{"href":"https:\/\/pawzler.com\/de\/wp-json\/wp\/v2\/product"}],"about":[{"href":"https:\/\/pawzler.com\/de\/wp-json\/wp\/v2\/types\/product"}],"replies":[{"embeddable":true,"href":"https:\/\/pawzler.com\/de\/wp-json\/wp\/v2\/comments?post=7983"}],"wp:featuredmedia":[{"embeddable":true,"href":"https:\/\/pawzler.com\/de\/wp-json\/wp\/v2\/media\/7789"}],"wp:attachment":[{"href":"https:\/\/pawzler.com\/de\/wp-json\/wp\/v2\/media?parent=7983"}],"wp:term":[{"taxonomy":"product_brand","embeddable":true,"href":"https:\/\/pawzler.com\/de\/wp-json\/wp\/v2\/product_brand?post=7983"},{"taxonomy":"product_cat","embeddable":true,"href":"https:\/\/pawzler.com\/de\/wp-json\/wp\/v2\/product_cat?post=7983"},{"taxonomy":"product_tag","embeddable":true,"href":"https:\/\/pawzler.com\/de\/wp-json\/wp\/v2\/product_tag?post=7983"}],"curies":[{"name":"wp","href":"https:\/\/api.w.org\/{rel}","templated":true}]}}