{"id":7978,"date":"2022-05-16T12:35:57","date_gmt":"2022-05-16T12:35:57","guid":{"rendered":"https:\/\/pawzler.com\/product\/zoey-pawzle\/"},"modified":"2023-11-13T08:50:54","modified_gmt":"2023-11-13T08:50:54","slug":"zoey-pawzle","status":"publish","type":"product","link":"https:\/\/pawzler.com\/de\/produkt\/zoey-pawzle\/","title":{"rendered":"Zoey Pawzle"},"content":{"rendered":"<p>Dieses Set besteht nur aus Zoey Pawzles und ist eine gro\u00dfartige Erg\u00e4nzung, um deine Basis zu erweitern. Zoey ist ein Pawzle, das 1 Platz auf der Basis einnimmt und bei dem der Deckel angehoben werden muss, um das darunter liegende Leckerli freizulegen. Er kann mit Nase, Zunge oder Pfote des Hundes ge\u00f6ffnet werden. <\/p>\n<p>Du kannst die F\u00e4cher mit Leckerlis, normalem Hundefutter oder auch Erdnussbutter bef\u00fcllen, die dein Hund dann finden soll.<\/p>\n<p><strong>Tipp:<\/strong> Durch das Drehen des Pawzles kann der Schwierigkeitsgrad ver\u00e4ndert werden. <\/p>\n<p>Dieses Set enth\u00e4lt KEINE Basis.<\/p>\n","protected":false},"excerpt":{"rendered":"<p>F\u00fcge deiner Sammlung einzelne Pawzles hinzu, um die Kombinationsm\u00f6glichkeiten zu erweitern, die Spielzeit zu verl\u00e4ngern oder vorhandene Pawzles zu ersetzen.<\/p>\n","protected":false},"featured_media":7788,"comment_status":"open","ping_status":"closed","template":"","meta":{"_acf_changed":false},"product_brand":[],"product_cat":[51],"product_tag":[],"class_list":{"0":"post-7978","1":"product","2":"type-product","3":"status-publish","4":"has-post-thumbnail","6":"product_cat-einzelne-pawzles","7":"pa_level-2-de","8":"pa_spot-1-de","10":"first","11":"instock","12":"sale","13":"shipping-taxable","14":"purchasable","15":"product-type-variable"},"acf":[],"_links":{"self":[{"href":"https:\/\/pawzler.com\/de\/wp-json\/wp\/v2\/product\/7978","targetHints":{"allow":["GET"]}}],"collection":[{"href":"https:\/\/pawzler.com\/de\/wp-json\/wp\/v2\/product"}],"about":[{"href":"https:\/\/pawzler.com\/de\/wp-json\/wp\/v2\/types\/product"}],"replies":[{"embeddable":true,"href":"https:\/\/pawzler.com\/de\/wp-json\/wp\/v2\/comments?post=7978"}],"wp:featuredmedia":[{"embeddable":true,"href":"https:\/\/pawzler.com\/de\/wp-json\/wp\/v2\/media\/7788"}],"wp:attachment":[{"href":"https:\/\/pawzler.com\/de\/wp-json\/wp\/v2\/media?parent=7978"}],"wp:term":[{"taxonomy":"product_brand","embeddable":true,"href":"https:\/\/pawzler.com\/de\/wp-json\/wp\/v2\/product_brand?post=7978"},{"taxonomy":"product_cat","embeddable":true,"href":"https:\/\/pawzler.com\/de\/wp-json\/wp\/v2\/product_cat?post=7978"},{"taxonomy":"product_tag","embeddable":true,"href":"https:\/\/pawzler.com\/de\/wp-json\/wp\/v2\/product_tag?post=7978"}],"curies":[{"name":"wp","href":"https:\/\/api.w.org\/{rel}","templated":true}]}}