{"id":7974,"date":"2022-05-16T20:55:49","date_gmt":"2022-05-16T20:55:49","guid":{"rendered":"https:\/\/pawzler.com\/product\/rainbow-set\/"},"modified":"2025-04-22T07:54:20","modified_gmt":"2025-04-22T07:54:20","slug":"rainbow-set","status":"publish","type":"product","link":"https:\/\/pawzler.com\/de\/produkt\/rainbow-set\/","title":{"rendered":"Rainbow Set"},"content":{"rendered":"<p>Das Rainbow-Set ist das perfekte Hundepuzzle, das gleichzeitig zur mentalen Stimulation und Bereicherung des Hundes beitr\u00e4gt. Dieses All-in-One Set bietet unterschiedliche Schwierigkeitslevel, die zwischen Level 1 und Level 3 Pawzles variieren und deinem flauschigen Freund unendliche Herausforderungen garantieren.  Jedes Set beinhaltet mindestens eine Basis (Mini beinhaltet eine Basis, Mega 2, Elite 4), auf die sich die einzelnen Pawzles stecken lassen.<br \/>\n<\/br><br \/>\n<\/br><br \/>\nDas Rainbow-Set beinhaltet Mechanismen zum verstecken der Leckerli, wie beispielsweise dr\u00fccken von Schiebereglern oder anheben und drehen eines Deckels, die die nat\u00fcrlichen Jagdinstinkte deines Hundes herausfordern um diese zu finden.<br \/>\n<\/br><br \/>\n<\/br><br \/>\nDu kannst die F\u00e4cher mit den Lieblingsleckerli deines Hundes, normalem Hundefutter oder auch Erdnussbutter bef\u00fcllen, um Aufmerksamkeit und Zufriedenheit aufrechtzuerhalten. St\u00e4rke eure Verbindung w\u00e4hrend du deinem Hund glechzeitig wertvolles geistiges Training bietest.<br \/>\n<\/br><br \/>\n<\/br><br \/>\n<strong>Tipp:<\/strong> Indem du die gelben und orangenen Pawzles (Maya und Zoey) in verschiedene Richtungen drehst kannst du die Schwierigkeit des Spielzeugs \u00e4ndern!<\/p>\n","protected":false},"excerpt":{"rendered":"<p>Pawzler ist ein Spielzeug, das deinen Hund nicht nur unterh\u00e4lt \u2013 es stimuliert gleichzeitig auch sein Gehirn.<\/p>\n","protected":false},"featured_media":7807,"comment_status":"open","ping_status":"closed","template":"","meta":{"_acf_changed":false},"product_brand":[],"product_cat":[52],"product_tag":[],"class_list":{"0":"post-7974","1":"product","2":"type-product","3":"status-publish","4":"has-post-thumbnail","6":"product_cat-pawzle-sets-de","8":"first","9":"instock","10":"sale","11":"shipping-taxable","12":"purchasable","13":"product-type-variable"},"acf":[],"_links":{"self":[{"href":"https:\/\/pawzler.com\/de\/wp-json\/wp\/v2\/product\/7974","targetHints":{"allow":["GET"]}}],"collection":[{"href":"https:\/\/pawzler.com\/de\/wp-json\/wp\/v2\/product"}],"about":[{"href":"https:\/\/pawzler.com\/de\/wp-json\/wp\/v2\/types\/product"}],"replies":[{"embeddable":true,"href":"https:\/\/pawzler.com\/de\/wp-json\/wp\/v2\/comments?post=7974"}],"wp:featuredmedia":[{"embeddable":true,"href":"https:\/\/pawzler.com\/de\/wp-json\/wp\/v2\/media\/7807"}],"wp:attachment":[{"href":"https:\/\/pawzler.com\/de\/wp-json\/wp\/v2\/media?parent=7974"}],"wp:term":[{"taxonomy":"product_brand","embeddable":true,"href":"https:\/\/pawzler.com\/de\/wp-json\/wp\/v2\/product_brand?post=7974"},{"taxonomy":"product_cat","embeddable":true,"href":"https:\/\/pawzler.com\/de\/wp-json\/wp\/v2\/product_cat?post=7974"},{"taxonomy":"product_tag","embeddable":true,"href":"https:\/\/pawzler.com\/de\/wp-json\/wp\/v2\/product_tag?post=7974"}],"curies":[{"name":"wp","href":"https:\/\/api.w.org\/{rel}","templated":true}]}}