{"id":7970,"date":"2022-05-17T09:09:13","date_gmt":"2022-05-17T09:09:13","guid":{"rendered":"https:\/\/pawzler.com\/product\/onix-pawzle\/"},"modified":"2023-11-13T08:57:57","modified_gmt":"2023-11-13T08:57:57","slug":"onix-pawzle","status":"publish","type":"product","link":"https:\/\/pawzler.com\/de\/produkt\/onix-pawzle\/","title":{"rendered":"Onix Pawzle"},"content":{"rendered":"<p>Dieses Set besteht nur aus Onix Pawzles und ist eine gro\u00dfartige Erg\u00e4nzung, um die Kombinationsm\u00f6glichkeiten deiner Basis zu erweitern. Onix ist ein Pawzle, das 2 Pl\u00e4tze deiner Basis einnimmt und bei dem der Deckel aufgeschoben werden muss. Es hat ein Loch im Deckel, damit dein Hund das Leckerli riechen kann, das sich darunter versteckt. Der Deckel kann mit Nase, Zunge oder Pfote des Hundes gedr\u00fcckt werden. <\/p>\n<p>Du kannst die F\u00e4cher mit Leckerlis, normalem Hundefutter oder auch Erdnussbutter bef\u00fcllen, die dein Hund dann finden soll.<\/p>\n<p>Dieses Set enth\u00e4lt KEINE Basis.<\/p>\n","protected":false},"excerpt":{"rendered":"<p>F\u00fcge deiner Sammlung einzelne Pawzles hinzu, um die m\u00f6glichen Kombinationsm\u00f6glichkeiten zu erweitern, die Spielzeit zu verl\u00e4ngern oder vorhandene Pawzles zu ersetzen.<\/p>\n","protected":false},"featured_media":7790,"comment_status":"open","ping_status":"closed","template":"","meta":{"_acf_changed":false},"product_brand":[],"product_cat":[51],"product_tag":[],"class_list":{"0":"post-7970","1":"product","2":"type-product","3":"status-publish","4":"has-post-thumbnail","6":"product_cat-einzelne-pawzles","7":"pa_level-1-de","8":"pa_spot-2-de","10":"first","11":"instock","12":"sale","13":"shipping-taxable","14":"purchasable","15":"product-type-variable"},"acf":[],"_links":{"self":[{"href":"https:\/\/pawzler.com\/de\/wp-json\/wp\/v2\/product\/7970","targetHints":{"allow":["GET"]}}],"collection":[{"href":"https:\/\/pawzler.com\/de\/wp-json\/wp\/v2\/product"}],"about":[{"href":"https:\/\/pawzler.com\/de\/wp-json\/wp\/v2\/types\/product"}],"replies":[{"embeddable":true,"href":"https:\/\/pawzler.com\/de\/wp-json\/wp\/v2\/comments?post=7970"}],"wp:featuredmedia":[{"embeddable":true,"href":"https:\/\/pawzler.com\/de\/wp-json\/wp\/v2\/media\/7790"}],"wp:attachment":[{"href":"https:\/\/pawzler.com\/de\/wp-json\/wp\/v2\/media?parent=7970"}],"wp:term":[{"taxonomy":"product_brand","embeddable":true,"href":"https:\/\/pawzler.com\/de\/wp-json\/wp\/v2\/product_brand?post=7970"},{"taxonomy":"product_cat","embeddable":true,"href":"https:\/\/pawzler.com\/de\/wp-json\/wp\/v2\/product_cat?post=7970"},{"taxonomy":"product_tag","embeddable":true,"href":"https:\/\/pawzler.com\/de\/wp-json\/wp\/v2\/product_tag?post=7970"}],"curies":[{"name":"wp","href":"https:\/\/api.w.org\/{rel}","templated":true}]}}