{"id":7961,"date":"2022-11-24T09:57:19","date_gmt":"2022-11-24T09:57:19","guid":{"rendered":"https:\/\/pawzler.com\/product\/nai-pawzle\/"},"modified":"2023-11-13T09:24:41","modified_gmt":"2023-11-13T09:24:41","slug":"nai-pawzle","status":"publish","type":"product","link":"https:\/\/pawzler.com\/de\/produkt\/nai-pawzle\/","title":{"rendered":"Nai Pawzle"},"content":{"rendered":"<p>Dieses Set besteht aus Nai Pawzles und ist eine gro\u00dfartige Erg\u00e4nzung, die Kombinationsm\u00f6glichkeiten deiner Basis erh\u00f6ht. Das Pawzle Nai nimmt auf der Basis 2 Pl\u00e4tze ein und es muss ein Hebel bet\u00e4tigt werden, um das Leckerli unter dem Deckel freizulegen. Der Hebel kann mit der Nase, der Zunge oder der Pfote des Hundes bet\u00e4tigt werden. <\/p>\n<p>Man kann die F\u00e4cher mit Leckerlis, normalem Hundefutter oder auch Erdnussbutter bef\u00fcllen, die dein Hund dann finden soll.<\/p>\n<p>Dieses Set enth\u00e4lt KEINE Basis.<\/p>\n","protected":false},"excerpt":{"rendered":"<p>F\u00fcge deiner Sammlung einzelne Pawzles hinzu, um die Kombinationsm\u00f6glichkeiten zu erweitern, die Spielzeit zu verl\u00e4ngern oder vorhandene Pawzles zu ersetzen.<\/p>\n","protected":false},"featured_media":7874,"comment_status":"open","ping_status":"closed","template":"","meta":{"_acf_changed":false},"product_brand":[],"product_cat":[51],"product_tag":[],"class_list":{"0":"post-7961","1":"product","2":"type-product","3":"status-publish","4":"has-post-thumbnail","6":"product_cat-einzelne-pawzles","7":"pa_level-2-de","8":"pa_spot-2-de","10":"first","11":"instock","12":"sale","13":"shipping-taxable","14":"purchasable","15":"product-type-variable"},"acf":[],"_links":{"self":[{"href":"https:\/\/pawzler.com\/de\/wp-json\/wp\/v2\/product\/7961","targetHints":{"allow":["GET"]}}],"collection":[{"href":"https:\/\/pawzler.com\/de\/wp-json\/wp\/v2\/product"}],"about":[{"href":"https:\/\/pawzler.com\/de\/wp-json\/wp\/v2\/types\/product"}],"replies":[{"embeddable":true,"href":"https:\/\/pawzler.com\/de\/wp-json\/wp\/v2\/comments?post=7961"}],"wp:featuredmedia":[{"embeddable":true,"href":"https:\/\/pawzler.com\/de\/wp-json\/wp\/v2\/media\/7874"}],"wp:attachment":[{"href":"https:\/\/pawzler.com\/de\/wp-json\/wp\/v2\/media?parent=7961"}],"wp:term":[{"taxonomy":"product_brand","embeddable":true,"href":"https:\/\/pawzler.com\/de\/wp-json\/wp\/v2\/product_brand?post=7961"},{"taxonomy":"product_cat","embeddable":true,"href":"https:\/\/pawzler.com\/de\/wp-json\/wp\/v2\/product_cat?post=7961"},{"taxonomy":"product_tag","embeddable":true,"href":"https:\/\/pawzler.com\/de\/wp-json\/wp\/v2\/product_tag?post=7961"}],"curies":[{"name":"wp","href":"https:\/\/api.w.org\/{rel}","templated":true}]}}