{"id":29894,"date":"2026-03-13T09:18:29","date_gmt":"2026-03-13T09:18:29","guid":{"rendered":"https:\/\/pawzler.com\/?post_type=product&#038;p=29894"},"modified":"2026-03-31T10:42:35","modified_gmt":"2026-03-31T10:42:35","slug":"ente-bundle","status":"publish","type":"product","link":"https:\/\/pawzler.com\/de\/produkt\/ente-bundle\/","title":{"rendered":"Enten Bundle"},"content":{"rendered":"<p>SANADOG Trainingsknochen werden aus reinem Enten hergestellt und schonend mit einem Hauch Glycerin aus Raps\u00f6l verfeinert. Dieses bindet die Feuchtigkeit und verleiht den Leckerlis ihre weiche Konsistenz.<br \/>\n<br \/>\n<\/br><br \/>\nSie werden in SANADOGs eigener Produktionsst\u00e4tte ohne Mais, Weizen, Soja, k\u00fcnstliche Farbstoffe, Konservierungsstoffe, Fleischmehl oder andere F\u00fcllstoffe hergestellt und mit einer modernen Version traditioneller Fleischkonservierungsmethoden sorgf\u00e4ltig luftgetrocknet. Die verwendete Ente ist zu 100 % r\u00fcckverfolgbar, und der schonende Trocknungsprozess tr\u00e4gt dazu bei, ihre nat\u00fcrlichen N\u00e4hrstoffe zu erhalten und so die Gesundheit und Vitalit\u00e4t Ihres Hundes zu f\u00f6rdern.<br \/>\n<br \/>\n<\/br><br \/>\nDiese Packung enth\u00e4lt 3 perfekt portionierte Beutel mit je 100 g k\u00f6stlichen Ente, die mit einem praktischen Zip-Verschluss versehen sind, um die Frische zu bewahren!<\/p>\n","protected":false},"excerpt":{"rendered":"<p>Die aus reinem Fleisch hergestellten SANADOG Trainingsknochen sind gesund und haben eine weiche Konsistenz. Sie haben die perfekte Gr\u00f6\u00dfe f\u00fcr unsere Pawzles und sorgen f\u00fcr ein tolles Pawzling-Abenteuer.<\/p>\n","protected":false},"featured_media":30061,"comment_status":"open","ping_status":"closed","template":"","meta":{"_acf_changed":false},"product_brand":[],"product_cat":[50],"product_tag":[],"class_list":{"0":"post-29894","1":"product","2":"type-product","3":"status-publish","4":"has-post-thumbnail","6":"product_cat-bundle-de","8":"first","9":"instock","10":"shipping-taxable","11":"purchasable","12":"product-type-simple"},"acf":[],"_links":{"self":[{"href":"https:\/\/pawzler.com\/de\/wp-json\/wp\/v2\/product\/29894","targetHints":{"allow":["GET"]}}],"collection":[{"href":"https:\/\/pawzler.com\/de\/wp-json\/wp\/v2\/product"}],"about":[{"href":"https:\/\/pawzler.com\/de\/wp-json\/wp\/v2\/types\/product"}],"replies":[{"embeddable":true,"href":"https:\/\/pawzler.com\/de\/wp-json\/wp\/v2\/comments?post=29894"}],"wp:featuredmedia":[{"embeddable":true,"href":"https:\/\/pawzler.com\/de\/wp-json\/wp\/v2\/media\/30061"}],"wp:attachment":[{"href":"https:\/\/pawzler.com\/de\/wp-json\/wp\/v2\/media?parent=29894"}],"wp:term":[{"taxonomy":"product_brand","embeddable":true,"href":"https:\/\/pawzler.com\/de\/wp-json\/wp\/v2\/product_brand?post=29894"},{"taxonomy":"product_cat","embeddable":true,"href":"https:\/\/pawzler.com\/de\/wp-json\/wp\/v2\/product_cat?post=29894"},{"taxonomy":"product_tag","embeddable":true,"href":"https:\/\/pawzler.com\/de\/wp-json\/wp\/v2\/product_tag?post=29894"}],"curies":[{"name":"wp","href":"https:\/\/api.w.org\/{rel}","templated":true}]}}