{"id":24409,"date":"2025-06-10T07:40:21","date_gmt":"2025-06-10T07:40:21","guid":{"rendered":"https:\/\/pawzler.com\/?post_type=product&#038;p=24409"},"modified":"2025-06-18T07:47:39","modified_gmt":"2025-06-18T07:47:39","slug":"genius-set","status":"publish","type":"product","link":"https:\/\/pawzler.com\/de\/produkt\/genius-set\/","title":{"rendered":"Genius Set"},"content":{"rendered":"<p>Unser Genius-Set eignet sich besonders f\u00fcr erfahrene Pawzler und bietet deinem Hund die ultimative geistige Herausforderung. Damit sorgt es spielerisch f\u00fcr maximale mentale Auslastung und ist bislang das anspruchsvollste Set in unserem Sortiment.<br \/>\n<br \/>\n<\/br><br \/>\nDas Set enth\u00e4lt Pawzles der Schwierigkeitsstufe 3 und geh\u00f6rt damit zu unseren schwierigsten Challenges. Jedes Genius-Set enth\u00e4lt mindestens eine Basis, auf der die Pawzles flexibel angebracht werden k\u00f6nnen. Die enthaltenen Pawzles zeichnen sich durch besonders anspruchsvolle Mechanismen aus, die gezielt die Probleml\u00f6sef\u00e4higkeiten deines Hundes trainieren: komplexe Schieberegler, drehbare Schl\u00f6sser oder mehrschichtige F\u00e4cher.<br \/>\n<br \/>\n<\/br><br \/>\nF\u00fclle die unterschiedlichen Verstecke der Pawzles mit den Lieblingsleckereien deines Hundes, normalem Futter oder Erdnussbutter und beobachte, wie sich deine Fellnase ihren Weg durch die Herausforderung bahnt. Das Genius-Set verwandelt jede Spielzeit in ein echtes Abenteuer und stellt Konzentration und Ausdauer auf die Probe. Selbst besonders kluge Hunde bleiben mit dem Genius-Set geistig gefordert, fit und besch\u00e4ftigt.<br \/>\n<br \/>\n<\/br><br \/>\n<strong>Tipp:<\/strong> Passe den Schwierigkeitsgrad von Piper an, indem du die blauen Schieberegler entfernst oder hinzuf\u00fcgst.<br \/>\nVerwende Peach, um andere Pawzles mit Deckel zu blockieren und so die Herausforderung f\u00fcr deine Fellnase zu erh\u00f6hen.<\/p>\n","protected":false},"excerpt":{"rendered":"<p>Pawzler ist ein Spielzeug, das deinen Hund nicht nur unterh\u00e4lt \u2013 es stimuliert gleichzeitig auch sein Gehirn.<\/p>\n","protected":false},"featured_media":24545,"comment_status":"open","ping_status":"closed","template":"","meta":{"_acf_changed":false},"product_brand":[],"product_cat":[52],"product_tag":[],"class_list":{"0":"post-24409","1":"product","2":"type-product","3":"status-publish","4":"has-post-thumbnail","6":"product_cat-pawzle-sets-de","8":"first","9":"instock","10":"sale","11":"shipping-taxable","12":"purchasable","13":"product-type-variable"},"acf":[],"_links":{"self":[{"href":"https:\/\/pawzler.com\/de\/wp-json\/wp\/v2\/product\/24409","targetHints":{"allow":["GET"]}}],"collection":[{"href":"https:\/\/pawzler.com\/de\/wp-json\/wp\/v2\/product"}],"about":[{"href":"https:\/\/pawzler.com\/de\/wp-json\/wp\/v2\/types\/product"}],"replies":[{"embeddable":true,"href":"https:\/\/pawzler.com\/de\/wp-json\/wp\/v2\/comments?post=24409"}],"wp:featuredmedia":[{"embeddable":true,"href":"https:\/\/pawzler.com\/de\/wp-json\/wp\/v2\/media\/24545"}],"wp:attachment":[{"href":"https:\/\/pawzler.com\/de\/wp-json\/wp\/v2\/media?parent=24409"}],"wp:term":[{"taxonomy":"product_brand","embeddable":true,"href":"https:\/\/pawzler.com\/de\/wp-json\/wp\/v2\/product_brand?post=24409"},{"taxonomy":"product_cat","embeddable":true,"href":"https:\/\/pawzler.com\/de\/wp-json\/wp\/v2\/product_cat?post=24409"},{"taxonomy":"product_tag","embeddable":true,"href":"https:\/\/pawzler.com\/de\/wp-json\/wp\/v2\/product_tag?post=24409"}],"curies":[{"name":"wp","href":"https:\/\/api.w.org\/{rel}","templated":true}]}}