{"id":23515,"date":"2025-04-23T07:53:25","date_gmt":"2025-04-23T07:53:25","guid":{"rendered":"https:\/\/pawzler.com\/?post_type=product&#038;p=23515"},"modified":"2025-06-17T10:57:12","modified_gmt":"2025-06-17T10:57:12","slug":"bunny-pawzle","status":"publish","type":"product","link":"https:\/\/pawzler.com\/de\/produkt\/bunny-pawzle\/","title":{"rendered":"Bunny Pawzle"},"content":{"rendered":"<p>Dieses Set besteht nur aus Bunny-Pawzles und erg\u00e4nzt deine Pawzler-Sammlung um eine einzigartige Herausforderung. Bunny nimmt 4 Pl\u00e4tze auf der Basis ein und besteht aus insgesamt 4 Verstecken f\u00fcr Leckerlis \u2013 2 Deckel und 2 Schubladen.<br \/>\n<br \/>\n<\/br><br \/>\nDie zwei Deckel k\u00f6nnen jederzeit separat voneinander ge\u00f6ffnet werden. Die Schubladen hingegen m\u00fcssen in der richtigen Reihenfolge aufgemacht werden. Eine der Schubladen ist zun\u00e4chst verriegelt und kann erst ge\u00f6ffnet werden, nachdem die andere Schublade herausgezogen wurde. Dadurch wird dein Hund angeregt, seine Probleml\u00f6sef\u00e4higkeiten und Geduld unter Beweis zu stellen und diese so zu trainieren.<br \/>\n<br \/>\n<\/br><br \/>\nDu kannst die Verstecke mit Leckerlis, normalem Hundefutter oder auch Erdnussbutter bef\u00fcllen. Das Set beinhaltet KEINE Basis.<br \/>\n<br \/>\n<\/br><br \/>\n<strong>Tipp:<\/strong> Drehe das Pawzle in unterschiedliche Richtungen, um das Schwierigkeitslevel zu \u00e4ndern. Drehe Bunny f\u00fcr eine besondere Herausforderung zum Beispiel in Richtung des Maya-Pawzles und lasse dabei nur einen Platz frei. <\/p>\n","protected":false},"excerpt":{"rendered":"<p>F\u00fcge deiner Sammlung einzelne Pawzles hinzu, um die Kombinationsm\u00f6glichkeiten zu erweitern, die Spielzeit zu verl\u00e4ngern oder vorhandene Pawzles zu ersetzen.<\/p>\n","protected":false},"featured_media":23524,"comment_status":"open","ping_status":"closed","template":"","meta":{"_acf_changed":false},"product_brand":[],"product_cat":[51],"product_tag":[],"class_list":{"0":"post-23515","1":"product","2":"type-product","3":"status-publish","4":"has-post-thumbnail","6":"product_cat-einzelne-pawzles","7":"pa_level-3-de","8":"pa_spot-4-de","10":"first","11":"instock","12":"sale","13":"shipping-taxable","14":"purchasable","15":"product-type-variable"},"acf":[],"_links":{"self":[{"href":"https:\/\/pawzler.com\/de\/wp-json\/wp\/v2\/product\/23515","targetHints":{"allow":["GET"]}}],"collection":[{"href":"https:\/\/pawzler.com\/de\/wp-json\/wp\/v2\/product"}],"about":[{"href":"https:\/\/pawzler.com\/de\/wp-json\/wp\/v2\/types\/product"}],"replies":[{"embeddable":true,"href":"https:\/\/pawzler.com\/de\/wp-json\/wp\/v2\/comments?post=23515"}],"wp:featuredmedia":[{"embeddable":true,"href":"https:\/\/pawzler.com\/de\/wp-json\/wp\/v2\/media\/23524"}],"wp:attachment":[{"href":"https:\/\/pawzler.com\/de\/wp-json\/wp\/v2\/media?parent=23515"}],"wp:term":[{"taxonomy":"product_brand","embeddable":true,"href":"https:\/\/pawzler.com\/de\/wp-json\/wp\/v2\/product_brand?post=23515"},{"taxonomy":"product_cat","embeddable":true,"href":"https:\/\/pawzler.com\/de\/wp-json\/wp\/v2\/product_cat?post=23515"},{"taxonomy":"product_tag","embeddable":true,"href":"https:\/\/pawzler.com\/de\/wp-json\/wp\/v2\/product_tag?post=23515"}],"curies":[{"name":"wp","href":"https:\/\/api.w.org\/{rel}","templated":true}]}}