{"id":19102,"date":"2024-09-03T05:48:29","date_gmt":"2024-09-03T05:48:29","guid":{"rendered":"https:\/\/pawzler.com\/?post_type=product&#038;p=19102"},"modified":"2025-04-22T07:52:20","modified_gmt":"2025-04-22T07:52:20","slug":"piper-pawzle","status":"publish","type":"product","link":"https:\/\/pawzler.com\/de\/produkt\/piper-pawzle\/","title":{"rendered":"Piper Pawzle"},"content":{"rendered":"<p>Dieses Set besteht nur aus Piper-Pawzles und ist eine gro\u00dfartige Erg\u00e4nzung, um die verschiedenen Kombinationsm\u00f6glichkeiten auf der Basis zu erh\u00f6hen und gleichzeitig auch die Schwierigkeit zu steigern.<br \/>\n<br \/>\n<\/br><br \/>\nPiper nimmt auf deiner Basis 4 Pl\u00e4tze ein und erweitert deine Sammlung um 4 F\u00e4cher, die sich ideal zum Verstecken der Leckerlis eignen. Um an die Leckerlis zu kommen, muss zun\u00e4chst ein Schieberegler entriegelt und dann der darunterliegende Deckel angehoben werden. Der Schwierigkeitsgrad von Piper kann au\u00dferdem an den Fortschritt deines Hundes angepasst werden! Um Piper leichter zu machen, k\u00f6nnen die beiden Schieberegler entfernt werden, \u00e4hnlich zu 4 Zoey-Pawzles. Dann k\u00f6nnen 1 oder 2 der Regler (im Lieferumfang enthalten) hinzugef\u00fcgt werden, um die Deckel zus\u00e4tzlich zu verriegeln und so die Schwierigkeit zu erh\u00f6hen. Die Schieberegler k\u00f6nnen mit der Nase, Zunge oder Pfote deines Hundes entriegelt werden.<br \/>\n<br \/>\n<\/br><br \/>\n<strong>Tipp:<\/strong> Fang langsam an! Entferne zun\u00e4chst die Schieberegler und lass deinen Hund spielen. F\u00fcge dann die Regler hinzu, wenn dein Hund bereit f\u00fcr die Herausforderung ist und verl\u00e4ngere so Spiel und Spa\u00df!<br \/>\n<br \/>\n<\/br><br \/>\nF\u00fclle die unterschiedlichen Verstecke der Pawzles mit den Lieblingsleckereien deines Hundes, normalem Futter oder Erdnussbutter.<br \/>\n<br \/>\n<\/br><br \/>\nDieses Set beinhaltet KEINE Basis.<\/p>\n","protected":false},"excerpt":{"rendered":"<p>F\u00fcge deiner Sammlung einzelne Pawzles hinzu, um die Kombinationsm\u00f6glichkeiten zu erweitern, die Spielzeit zu verl\u00e4ngern oder vorhandene Pawzles zu ersetzen.<\/p>\n","protected":false},"featured_media":19113,"comment_status":"open","ping_status":"closed","template":"","meta":{"_acf_changed":false},"product_brand":[],"product_cat":[51],"product_tag":[],"class_list":{"0":"post-19102","1":"product","2":"type-product","3":"status-publish","4":"has-post-thumbnail","6":"product_cat-einzelne-pawzles","7":"pa_level-3-de","8":"pa_spot-4-de","10":"first","11":"instock","12":"sale","13":"shipping-taxable","14":"purchasable","15":"product-type-variable"},"acf":[],"_links":{"self":[{"href":"https:\/\/pawzler.com\/de\/wp-json\/wp\/v2\/product\/19102","targetHints":{"allow":["GET"]}}],"collection":[{"href":"https:\/\/pawzler.com\/de\/wp-json\/wp\/v2\/product"}],"about":[{"href":"https:\/\/pawzler.com\/de\/wp-json\/wp\/v2\/types\/product"}],"replies":[{"embeddable":true,"href":"https:\/\/pawzler.com\/de\/wp-json\/wp\/v2\/comments?post=19102"}],"wp:featuredmedia":[{"embeddable":true,"href":"https:\/\/pawzler.com\/de\/wp-json\/wp\/v2\/media\/19113"}],"wp:attachment":[{"href":"https:\/\/pawzler.com\/de\/wp-json\/wp\/v2\/media?parent=19102"}],"wp:term":[{"taxonomy":"product_brand","embeddable":true,"href":"https:\/\/pawzler.com\/de\/wp-json\/wp\/v2\/product_brand?post=19102"},{"taxonomy":"product_cat","embeddable":true,"href":"https:\/\/pawzler.com\/de\/wp-json\/wp\/v2\/product_cat?post=19102"},{"taxonomy":"product_tag","embeddable":true,"href":"https:\/\/pawzler.com\/de\/wp-json\/wp\/v2\/product_tag?post=19102"}],"curies":[{"name":"wp","href":"https:\/\/api.w.org\/{rel}","templated":true}]}}