{"id":18529,"date":"2024-07-24T06:21:52","date_gmt":"2024-07-24T06:21:52","guid":{"rendered":"https:\/\/pawzler.com\/?post_type=product&#038;p=18529"},"modified":"2025-04-18T08:32:29","modified_gmt":"2025-04-18T08:32:29","slug":"smarty-set","status":"publish","type":"product","link":"https:\/\/pawzler.com\/de\/produkt\/smarty-set\/","title":{"rendered":"Smarty Set"},"content":{"rendered":"<p>Das Smarty-Set ist ein Hundepuzzle f\u00fcr Fortgeschrittene und explizit darauf ausgelegt, den Verstand zu stimulieren und interaktives spielen zu erm\u00f6glichen. Das macht es ideal f\u00fcr Hunde, die ihre Puzzlef\u00e4higkeiten auf das n\u00e4chste Level bringen wollen.<br \/>\n<\/br><br \/>\n<\/br><br \/>\nDieses Set besteht aus Level 2 und 3 Pawzles, was es zu einer abwechslungsreichen Herausforderung macht. Jedes Smarty-Set enth\u00e4lt mindestens eine Basis, auf der die einzelnen Pawzles befestigt werden k\u00f6nnen. Verschiedene Mechanismen wie Klappdeckel, diverse Schieberegler und versteckte Schubladen regen die Probleml\u00f6sungsf\u00e4higkeiten deines Hundes an und bringen sie so auf das n\u00e4chste Level.<br \/>\n<\/br><br \/>\n<\/br><br \/>\nF\u00fclle die unterschiedlichen Verstecke der Pawzles mit den Lieblingsleckereien deines Hundes, normalem Futter oder Erdnussbutter und beobachte, wie die versteckten Leckerlis auf spielerische Weise gefunden werden. Das Set verwandelt die Spielzeit zu einem mentalen Training, das den Verstand deines Hundes wachh\u00e4lt und die Neugier weckt.<br \/>\n<br \/>\n<\/br><br \/>\n<strong>Tipp:<\/strong> Dreht man gelbe oder T\u00fcrkisblau Pawzles in unterschiedliche Richtungen kann dadurch der Schwierigkeitsgrad ge\u00e4ndert werden.<\/p>\n","protected":false},"excerpt":{"rendered":"<p>Pawzler ist ein Spielzeug, das deinen Hund nicht nur unterh\u00e4lt \u2013 es stimuliert gleichzeitig auch sein Gehirn.<\/p>\n","protected":false},"featured_media":18802,"comment_status":"open","ping_status":"closed","template":"","meta":{"_acf_changed":false},"product_brand":[],"product_cat":[52],"product_tag":[],"class_list":{"0":"post-18529","1":"product","2":"type-product","3":"status-publish","4":"has-post-thumbnail","6":"product_cat-pawzle-sets-de","8":"first","9":"instock","10":"sale","11":"shipping-taxable","12":"purchasable","13":"product-type-variable"},"acf":[],"_links":{"self":[{"href":"https:\/\/pawzler.com\/de\/wp-json\/wp\/v2\/product\/18529","targetHints":{"allow":["GET"]}}],"collection":[{"href":"https:\/\/pawzler.com\/de\/wp-json\/wp\/v2\/product"}],"about":[{"href":"https:\/\/pawzler.com\/de\/wp-json\/wp\/v2\/types\/product"}],"replies":[{"embeddable":true,"href":"https:\/\/pawzler.com\/de\/wp-json\/wp\/v2\/comments?post=18529"}],"wp:featuredmedia":[{"embeddable":true,"href":"https:\/\/pawzler.com\/de\/wp-json\/wp\/v2\/media\/18802"}],"wp:attachment":[{"href":"https:\/\/pawzler.com\/de\/wp-json\/wp\/v2\/media?parent=18529"}],"wp:term":[{"taxonomy":"product_brand","embeddable":true,"href":"https:\/\/pawzler.com\/de\/wp-json\/wp\/v2\/product_brand?post=18529"},{"taxonomy":"product_cat","embeddable":true,"href":"https:\/\/pawzler.com\/de\/wp-json\/wp\/v2\/product_cat?post=18529"},{"taxonomy":"product_tag","embeddable":true,"href":"https:\/\/pawzler.com\/de\/wp-json\/wp\/v2\/product_tag?post=18529"}],"curies":[{"name":"wp","href":"https:\/\/api.w.org\/{rel}","templated":true}]}}