{"id":17568,"date":"2024-04-25T09:58:48","date_gmt":"2024-04-25T09:58:48","guid":{"rendered":"https:\/\/pawzler.com\/?post_type=product&#038;p=17568"},"modified":"2025-04-18T08:36:31","modified_gmt":"2025-04-18T08:36:31","slug":"louvre-pawzle","status":"publish","type":"product","link":"https:\/\/pawzler.com\/de\/produkt\/louvre-pawzle\/","title":{"rendered":"Louvre Pawzle"},"content":{"rendered":"<p>Dieses Set besteht nur aus Louvre Pawzles und ist eine gro\u00dfartige Erg\u00e4nzung, die die Anzahl m\u00f6glicher Kombinationen auf deiner Basis erh\u00f6ht. Louvre ist bis jetzt unser gr\u00f6\u00dftes Pawzle und ben\u00f6tigt 6 Pl\u00e4tze auf deiner Basis. Um an die darunterliegenden Leckerli zu kommen m\u00fcssen die Schieberegler in unterschiedliche Richtungen geschoben werden. Die Schieberegler k\u00f6nnen mit Nase, Zunge oder Pfote des Hundes bet\u00e4tigt werden.<br \/>\n<br \/>\n<\/br><br \/>\nDu kannst die F\u00e4cher mit Leckerli, normalem Hundefutter oder auch Erdnussbutter bef\u00fcllen, die dein Hund dann finden soll.<br \/>\n<br \/>\n<\/br><br \/>\nDieses Set beinhaltet KEINE Basis.<\/p>\n","protected":false},"excerpt":{"rendered":"<p>F\u00fcge deiner Sammlung einzelne Pawzles hinzu, um die Kombinationsm\u00f6glichkeiten zu erweitern, die Spielzeit zu verl\u00e4ngern oder vorhandene Pawzles zu ersetzen.<\/p>\n","protected":false},"featured_media":17577,"comment_status":"open","ping_status":"closed","template":"","meta":{"_acf_changed":false},"product_brand":[],"product_cat":[51],"product_tag":[],"class_list":{"0":"post-17568","1":"product","2":"type-product","3":"status-publish","4":"has-post-thumbnail","6":"product_cat-einzelne-pawzles","7":"pa_level-3-de","9":"first","10":"instock","11":"sale","12":"shipping-taxable","13":"purchasable","14":"product-type-variable"},"acf":[],"_links":{"self":[{"href":"https:\/\/pawzler.com\/de\/wp-json\/wp\/v2\/product\/17568","targetHints":{"allow":["GET"]}}],"collection":[{"href":"https:\/\/pawzler.com\/de\/wp-json\/wp\/v2\/product"}],"about":[{"href":"https:\/\/pawzler.com\/de\/wp-json\/wp\/v2\/types\/product"}],"replies":[{"embeddable":true,"href":"https:\/\/pawzler.com\/de\/wp-json\/wp\/v2\/comments?post=17568"}],"wp:featuredmedia":[{"embeddable":true,"href":"https:\/\/pawzler.com\/de\/wp-json\/wp\/v2\/media\/17577"}],"wp:attachment":[{"href":"https:\/\/pawzler.com\/de\/wp-json\/wp\/v2\/media?parent=17568"}],"wp:term":[{"taxonomy":"product_brand","embeddable":true,"href":"https:\/\/pawzler.com\/de\/wp-json\/wp\/v2\/product_brand?post=17568"},{"taxonomy":"product_cat","embeddable":true,"href":"https:\/\/pawzler.com\/de\/wp-json\/wp\/v2\/product_cat?post=17568"},{"taxonomy":"product_tag","embeddable":true,"href":"https:\/\/pawzler.com\/de\/wp-json\/wp\/v2\/product_tag?post=17568"}],"curies":[{"name":"wp","href":"https:\/\/api.w.org\/{rel}","templated":true}]}}