{"id":16185,"date":"2024-01-23T12:33:43","date_gmt":"2024-01-23T12:33:43","guid":{"rendered":"https:\/\/pawzler.com\/?post_type=product&#038;p=16185"},"modified":"2025-04-18T08:35:39","modified_gmt":"2025-04-18T08:35:39","slug":"sela-pawzle","status":"publish","type":"product","link":"https:\/\/pawzler.com\/de\/produkt\/sela-pawzle\/","title":{"rendered":"Sela Pawzle"},"content":{"rendered":"<p>Dieses Set besteht nur aus Sela Pawzles und ist eine gro\u00dfartige Erg\u00e4nzung die die Anzahl m\u00f6glicher Kombinationen auf deiner Basis erh\u00f6ht. Sela ben\u00f6tigt 2 Pl\u00e4tze auf deiner Basis und um an die darunterliegenden Leckerli zu kommen m\u00fcssen die Schieberegler geschoben werden. Die Schieberegler k\u00f6nnen mit Nase, Zunge oder Pfote des Hundes bet\u00e4tigt werden.<br \/>\n<br \/>\n<\/br><br \/>\nDu kannst die F\u00e4cher mit Leckerli, normalem Hundefutter oder auch Erdnussbutter bef\u00fcllen, die dein Hund dann finden soll.<br \/>\n<br \/>\n<\/br><br \/>\nDieses Set beinhaltet KEINE Basis.<\/p>\n","protected":false},"excerpt":{"rendered":"<p>F\u00fcge deiner Sammlung einzelne Pawzles hinzu, um die Kombinationsm\u00f6glichkeiten zu erweitern, die Spielzeit zu verl\u00e4ngern oder vorhandene Pawzles zu ersetzen.<\/p>\n","protected":false},"featured_media":16204,"comment_status":"open","ping_status":"closed","template":"","meta":{"_acf_changed":false},"product_brand":[],"product_cat":[51],"product_tag":[],"class_list":{"0":"post-16185","1":"product","2":"type-product","3":"status-publish","4":"has-post-thumbnail","6":"product_cat-einzelne-pawzles","7":"pa_level-3-de","8":"pa_spot-2-de","10":"first","11":"instock","12":"sale","13":"shipping-taxable","14":"purchasable","15":"product-type-variable"},"acf":[],"_links":{"self":[{"href":"https:\/\/pawzler.com\/de\/wp-json\/wp\/v2\/product\/16185","targetHints":{"allow":["GET"]}}],"collection":[{"href":"https:\/\/pawzler.com\/de\/wp-json\/wp\/v2\/product"}],"about":[{"href":"https:\/\/pawzler.com\/de\/wp-json\/wp\/v2\/types\/product"}],"replies":[{"embeddable":true,"href":"https:\/\/pawzler.com\/de\/wp-json\/wp\/v2\/comments?post=16185"}],"wp:featuredmedia":[{"embeddable":true,"href":"https:\/\/pawzler.com\/de\/wp-json\/wp\/v2\/media\/16204"}],"wp:attachment":[{"href":"https:\/\/pawzler.com\/de\/wp-json\/wp\/v2\/media?parent=16185"}],"wp:term":[{"taxonomy":"product_brand","embeddable":true,"href":"https:\/\/pawzler.com\/de\/wp-json\/wp\/v2\/product_brand?post=16185"},{"taxonomy":"product_cat","embeddable":true,"href":"https:\/\/pawzler.com\/de\/wp-json\/wp\/v2\/product_cat?post=16185"},{"taxonomy":"product_tag","embeddable":true,"href":"https:\/\/pawzler.com\/de\/wp-json\/wp\/v2\/product_tag?post=16185"}],"curies":[{"name":"wp","href":"https:\/\/api.w.org\/{rel}","templated":true}]}}