{"id":13259,"date":"2023-10-12T07:32:04","date_gmt":"2023-10-12T07:32:04","guid":{"rendered":"https:\/\/pawzler.com\/?post_type=product&#038;p=13259"},"modified":"2024-07-23T09:24:14","modified_gmt":"2024-07-23T09:24:14","slug":"beginner-set","status":"publish","type":"product","link":"https:\/\/pawzler.com\/de\/produkt\/beginner-set\/","title":{"rendered":"Beginner Set"},"content":{"rendered":"<p>Das Beginner Set ist ein Hundepuzzle, das f\u00fcr stundenlangen Spa\u00df und mentale Stimulation entwickelt wurde und ist extra auf Hunde zugeschnitten, die noch keinerlei Erfahrung mit Hundepuzzles sammeln konnten. Dieses Set kombiniert nur Level 1 Pawzles, was es zur perfekten Einf\u00fchrung in das interaktive Spielen macht. Jedes Set beinhaltet mindestens eine Basis, auf die sich die unterschiedlichen Pawzles stecken lassen.<br \/>\n<\/br><br \/>\n<\/br><br \/>\nDas Beginner Set beinhaltet Mechanismen zum verstecken der Leckerli, wie beispielsweise das Dr\u00fccken von Schiebereglern oder das Anheben und das Drehen eines Deckels, die die F\u00e4higkeit deines Hundes zum Probleml\u00f6sen in seiner gewohnten Umgebung anregen. Zus\u00e4tzlich beinhaltet es eine spezielle Leckmatte f\u00fcr zus\u00e4tzlichen Spa\u00df.<br \/>\n<\/br><br \/>\n<\/br><br \/>\nDu kannst die einzelnen F\u00e4cher mit den Lieblingsleckerli deines Hundes, normalem Futter oder Erdnussbutter bef\u00fcllen und ihn dann dabei beobachten, wie er sich auf die Suche nach den versteckten Belohnungen macht. Dieses Set steigert das Wohlbefinden und die kognitive Entwicklung deines Hundes, w\u00e4hrend es gleichzeitig auch die Bindung zwischen dir und deiner Fellnase st\u00e4rkt.<\/p>\n","protected":false},"excerpt":{"rendered":"<p>Pawzler ist ein Spielzeug, das deinen Hund nicht nur unterh\u00e4lt \u2013 es stimuliert gleichzeitig auch sein Gehirn.<\/p>\n","protected":false},"featured_media":14246,"comment_status":"open","ping_status":"closed","template":"","meta":{"_acf_changed":false},"product_brand":[],"product_cat":[52],"product_tag":[],"class_list":{"0":"post-13259","1":"product","2":"type-product","3":"status-publish","4":"has-post-thumbnail","6":"product_cat-pawzle-sets-de","8":"first","9":"instock","10":"sale","11":"shipping-taxable","12":"purchasable","13":"product-type-variable"},"acf":[],"_links":{"self":[{"href":"https:\/\/pawzler.com\/de\/wp-json\/wp\/v2\/product\/13259","targetHints":{"allow":["GET"]}}],"collection":[{"href":"https:\/\/pawzler.com\/de\/wp-json\/wp\/v2\/product"}],"about":[{"href":"https:\/\/pawzler.com\/de\/wp-json\/wp\/v2\/types\/product"}],"replies":[{"embeddable":true,"href":"https:\/\/pawzler.com\/de\/wp-json\/wp\/v2\/comments?post=13259"}],"wp:featuredmedia":[{"embeddable":true,"href":"https:\/\/pawzler.com\/de\/wp-json\/wp\/v2\/media\/14246"}],"wp:attachment":[{"href":"https:\/\/pawzler.com\/de\/wp-json\/wp\/v2\/media?parent=13259"}],"wp:term":[{"taxonomy":"product_brand","embeddable":true,"href":"https:\/\/pawzler.com\/de\/wp-json\/wp\/v2\/product_brand?post=13259"},{"taxonomy":"product_cat","embeddable":true,"href":"https:\/\/pawzler.com\/de\/wp-json\/wp\/v2\/product_cat?post=13259"},{"taxonomy":"product_tag","embeddable":true,"href":"https:\/\/pawzler.com\/de\/wp-json\/wp\/v2\/product_tag?post=13259"}],"curies":[{"name":"wp","href":"https:\/\/api.w.org\/{rel}","templated":true}]}}