{"id":12874,"date":"2023-09-19T10:56:22","date_gmt":"2023-09-19T10:56:22","guid":{"rendered":"https:\/\/pawzler.com\/?post_type=product&#038;p=12874"},"modified":"2023-11-13T13:34:11","modified_gmt":"2023-11-13T13:34:11","slug":"terra-pawzle","status":"publish","type":"product","link":"https:\/\/pawzler.com\/de\/produkt\/terra-pawzle\/","title":{"rendered":"Terra Pawzle"},"content":{"rendered":"<p>Dieses Set besteht aus TERRA Pawzles und ist eine gro\u00dfartige Erg\u00e4nzung, um die Kombinationsm\u00f6glichkeiten auf deiner Basis zu erweitern und die Spielzeit zu verl\u00e4ngern.<br \/>\n<\/br><br \/>\n<\/br><\/p>\n<p>TERRA Pawzles nehmen 4 Pl\u00e4tze auf der Basis ein.<br \/>\n<\/br><br \/>\n<\/br><br \/>\nDu kannst die Lieblingsleckerli deines Hundes wie Joghurt, Erdnussbutter oder Welpenpastete auftragen, und schon kann der Leckspa\u00df beginnen.<br \/>\n<\/br><br \/>\n<\/br><br \/>\n<strong>Tipp:<\/strong> Terra ist so konzipiert, dass es neben Maya passt und Mayas Schublade problemlos ge\u00f6ffnet werden kann. Die Leckmatte kann eingefroren werden, um ein Eis f\u00fcr Hunde herzustellen, damit der Leckspa\u00df immer weitergehen kann. Alle Pawzles sind sp\u00fclmaschinenfest. Terra l\u00e4sst sich daher schnell reinigen und kann einfach in das oberste Fach der Sp\u00fchlmaschine gelegt werden.<br \/>\n<\/br><br \/>\n<\/br><\/p>\n<p>Dieses Set enth\u00e4lt KEINE Basis.<\/p>\n","protected":false},"excerpt":{"rendered":"<p>F\u00fcge deiner Sammlung einzelne Pawzles hinzu, um die Kombinationsm\u00f6glichkeiten zu erweitern, die Spielzeit zu verl\u00e4ngern oder vorhandene Pawzles zu ersetzen.<\/p>\n","protected":false},"featured_media":12497,"comment_status":"open","ping_status":"closed","template":"","meta":{"_acf_changed":false},"product_brand":[],"product_cat":[51],"product_tag":[],"class_list":{"0":"post-12874","1":"product","2":"type-product","3":"status-publish","4":"has-post-thumbnail","6":"product_cat-einzelne-pawzles","7":"pa_level-1-de","8":"pa_spot-4-de","10":"first","11":"instock","12":"sale","13":"shipping-taxable","14":"purchasable","15":"product-type-variable"},"acf":[],"_links":{"self":[{"href":"https:\/\/pawzler.com\/de\/wp-json\/wp\/v2\/product\/12874","targetHints":{"allow":["GET"]}}],"collection":[{"href":"https:\/\/pawzler.com\/de\/wp-json\/wp\/v2\/product"}],"about":[{"href":"https:\/\/pawzler.com\/de\/wp-json\/wp\/v2\/types\/product"}],"replies":[{"embeddable":true,"href":"https:\/\/pawzler.com\/de\/wp-json\/wp\/v2\/comments?post=12874"}],"wp:featuredmedia":[{"embeddable":true,"href":"https:\/\/pawzler.com\/de\/wp-json\/wp\/v2\/media\/12497"}],"wp:attachment":[{"href":"https:\/\/pawzler.com\/de\/wp-json\/wp\/v2\/media?parent=12874"}],"wp:term":[{"taxonomy":"product_brand","embeddable":true,"href":"https:\/\/pawzler.com\/de\/wp-json\/wp\/v2\/product_brand?post=12874"},{"taxonomy":"product_cat","embeddable":true,"href":"https:\/\/pawzler.com\/de\/wp-json\/wp\/v2\/product_cat?post=12874"},{"taxonomy":"product_tag","embeddable":true,"href":"https:\/\/pawzler.com\/de\/wp-json\/wp\/v2\/product_tag?post=12874"}],"curies":[{"name":"wp","href":"https:\/\/api.w.org\/{rel}","templated":true}]}}