{"id":11353,"date":"2023-07-06T08:57:20","date_gmt":"2023-07-06T08:57:20","guid":{"rendered":"https:\/\/pawzler.com\/?post_type=product&#038;p=11353"},"modified":"2023-11-13T09:10:16","modified_gmt":"2023-11-13T09:10:16","slug":"peach-pawzle","status":"publish","type":"product","link":"https:\/\/pawzler.com\/de\/produkt\/peach-pawzle\/","title":{"rendered":"Peach Pawzle"},"content":{"rendered":"<p>Dieses Set besteht nur aus Peach Pawzles und ist eine hervorragende Erg\u00e4nzung, die die Anzahl m\u00f6glicher Kombinationen auf deiner Basis erh\u00f6ht. Es tr\u00e4gt zudem dazu bei, die Schwierigkeit anderer Pawzles zu erh\u00f6hen und verl\u00e4ngert so gleichzeitig auch die Spieldauer. Jedes Pawzle nimmt einen Platz auf der Basis ein und es muss der Deckel geschoben werden, um so an die darunterliegenden Leckerlis zu kommen. PEACH ist das erstes Pawzle, das mit anderen Pawzles auf der Basis interagieren kann!<br \/>\n<\/br><br \/>\n<\/br><br \/>\n<strong>Tipp<\/strong>: \u00d6ffnest du das Pawzle durch Schieben verdeckt und sperrt es gleichzeitig andere Pawzles, die dann nicht mehr ge\u00f6ffnet werden k\u00f6nnen. Aufgrund der etwas gr\u00f6\u00dferen H\u00f6he im Vergleich zu anderen Pawzles kann es problemlos \u00fcber sie geschoben werden. Diese Funktion verleiht dem gesamten Setup einen zus\u00e4tzlichen Schwierigkeitsgrad und sorgt dadurch f\u00fcr ein l\u00e4ngeres und fesselndes Spielerlebnis! Zum \u00d6ffnen kann der Schieberegler mithilfe der Nase, Zunge oder Pfote des Hundes geschoben werden.<br \/>\n<\/br><br \/>\n<\/br><br \/>\nDieses Set enth\u00e4lt KEINE Basis.<\/p>\n","protected":false},"excerpt":{"rendered":"<p>F\u00fcge deiner Sammlung einzelne Pawzles hinzu, um die Kombinationsm\u00f6glichkeiten zu erweitern, die Spielzeit zu verl\u00e4ngern oder vorhandene Pawzles zu ersetzen.<\/p>\n","protected":false},"featured_media":11384,"comment_status":"open","ping_status":"closed","template":"","meta":{"_acf_changed":false},"product_brand":[],"product_cat":[51],"product_tag":[],"class_list":{"0":"post-11353","1":"product","2":"type-product","3":"status-publish","4":"has-post-thumbnail","6":"product_cat-einzelne-pawzles","7":"pa_level-2-de","8":"pa_spot-1-de","10":"first","11":"instock","12":"sale","13":"shipping-taxable","14":"purchasable","15":"product-type-variable"},"acf":[],"_links":{"self":[{"href":"https:\/\/pawzler.com\/de\/wp-json\/wp\/v2\/product\/11353","targetHints":{"allow":["GET"]}}],"collection":[{"href":"https:\/\/pawzler.com\/de\/wp-json\/wp\/v2\/product"}],"about":[{"href":"https:\/\/pawzler.com\/de\/wp-json\/wp\/v2\/types\/product"}],"replies":[{"embeddable":true,"href":"https:\/\/pawzler.com\/de\/wp-json\/wp\/v2\/comments?post=11353"}],"wp:featuredmedia":[{"embeddable":true,"href":"https:\/\/pawzler.com\/de\/wp-json\/wp\/v2\/media\/11384"}],"wp:attachment":[{"href":"https:\/\/pawzler.com\/de\/wp-json\/wp\/v2\/media?parent=11353"}],"wp:term":[{"taxonomy":"product_brand","embeddable":true,"href":"https:\/\/pawzler.com\/de\/wp-json\/wp\/v2\/product_brand?post=11353"},{"taxonomy":"product_cat","embeddable":true,"href":"https:\/\/pawzler.com\/de\/wp-json\/wp\/v2\/product_cat?post=11353"},{"taxonomy":"product_tag","embeddable":true,"href":"https:\/\/pawzler.com\/de\/wp-json\/wp\/v2\/product_tag?post=11353"}],"curies":[{"name":"wp","href":"https:\/\/api.w.org\/{rel}","templated":true}]}}