{"id":10571,"date":"2023-05-24T12:17:41","date_gmt":"2023-05-24T12:17:41","guid":{"rendered":"https:\/\/pawzler.com\/?post_type=product&#038;p=10571"},"modified":"2023-07-31T06:36:59","modified_gmt":"2023-07-31T06:36:59","slug":"verkaufsmuster","status":"publish","type":"product","link":"https:\/\/pawzler.com\/de\/produkt\/verkaufsmuster\/","title":{"rendered":"Verkaufsmuster"},"content":{"rendered":"<p>Pawzler stellt Hundepuzzles her, bei denen die Hunde unterhalten werden, indem sie ihre Jagdinstinkte einsetzen, um Leckerlis zu finden. Das Set besteht aus 7 unterschiedlichen Mechanismen zum Verstecken von Leckerlis die entweder geschoben, gedr\u00fcckt, angehoben, gezogen oder gedreht werden m\u00fcssen. Jedes Set enth\u00e4lt zudem eine Basis, auf der die Pawzles befestigt werden k\u00f6nnen.<\/p>\n","protected":false},"excerpt":{"rendered":"<p>Bestellt eure Verkaufsmuster in der regalfertigen Box, um euch von der Qualit\u00e4t der Produkte selbst \u00fcberzeugen zu k\u00f6nnen, bevor ihr Pawzler euren Kunden anbietet.<\/p>\n","protected":false},"featured_media":19365,"comment_status":"closed","ping_status":"closed","template":"","meta":{"_acf_changed":false},"product_brand":[],"product_cat":[70],"product_tag":[],"class_list":{"0":"post-10571","1":"product","2":"type-product","3":"status-publish","4":"has-post-thumbnail","6":"product_cat-b2b-de","8":"first","9":"instock","10":"sold-individually","11":"shipping-taxable","12":"purchasable","13":"product-type-simple"},"acf":[],"_links":{"self":[{"href":"https:\/\/pawzler.com\/de\/wp-json\/wp\/v2\/product\/10571","targetHints":{"allow":["GET"]}}],"collection":[{"href":"https:\/\/pawzler.com\/de\/wp-json\/wp\/v2\/product"}],"about":[{"href":"https:\/\/pawzler.com\/de\/wp-json\/wp\/v2\/types\/product"}],"replies":[{"embeddable":true,"href":"https:\/\/pawzler.com\/de\/wp-json\/wp\/v2\/comments?post=10571"}],"wp:featuredmedia":[{"embeddable":true,"href":"https:\/\/pawzler.com\/de\/wp-json\/wp\/v2\/media\/19365"}],"wp:attachment":[{"href":"https:\/\/pawzler.com\/de\/wp-json\/wp\/v2\/media?parent=10571"}],"wp:term":[{"taxonomy":"product_brand","embeddable":true,"href":"https:\/\/pawzler.com\/de\/wp-json\/wp\/v2\/product_brand?post=10571"},{"taxonomy":"product_cat","embeddable":true,"href":"https:\/\/pawzler.com\/de\/wp-json\/wp\/v2\/product_cat?post=10571"},{"taxonomy":"product_tag","embeddable":true,"href":"https:\/\/pawzler.com\/de\/wp-json\/wp\/v2\/product_tag?post=10571"}],"curies":[{"name":"wp","href":"https:\/\/api.w.org\/{rel}","templated":true}]}}